{"id":1149,"date":"2025-07-08T13:19:29","date_gmt":"2025-07-08T13:19:29","guid":{"rendered":"https:\/\/www.lafiorida.com\/?page_id=1149"},"modified":"2025-09-23T19:51:22","modified_gmt":"2025-09-23T19:51:22","slug":"regala-un-esperienza","status":"publish","type":"page","link":"https:\/\/www.lafiorida.com\/it\/regala-un-esperienza\/","title":{"rendered":"Regala un&#8217;esperienza"},"content":{"rendered":"\t\t<div data-elementor-type=\"wp-page\" data-elementor-id=\"1149\" class=\"elementor elementor-1149\" data-elementor-post-type=\"page\">\n\t\t\t\t<div class=\"elementor-element elementor-element-4989940 e-con-full e-flex e-con e-parent\" data-id=\"4989940\" data-element_type=\"container\">\n\t\t\t\t<div class=\"elementor-element elementor-element-f54c6d0 elementor-widget elementor-widget-hero-broken\" data-id=\"f54c6d0\" data-element_type=\"widget\" data-widget_type=\"hero-broken.default\">\n\t\t\t\t<div class=\"elementor-widget-container\">\n\t\t\t\t\t<section class=\"hero-broken\">\n  <div class=\"w-full min-h-[450px] md:h-[50vh] flex flex-col justify-center pt-70\n   bg-sand1     \">\n    <div class=\"w-full md:w-2\/3 lg:w-3\/5 3xl:w-1\/2 flex flex-row flex-wrap p-0 items-start gap-y-20 px-30 py-50 md:py-80\">\n      <div class=\"w-full flex flex-col lg:items-start lg:text-left\n                  lg:pl-[5%] xl:pl-[10%] 3xl:pl-[20%] lg:pr-[10%] xl:pr-[15%] 3xl:pr-[10%]\">\n                  <div class=\"text-green1 headline-medium font-title z-3 relative mb-20\">\n            <h1 class=\"\">Regala La Fiorida<\/h1>\n          <\/div>\n                          <div class=\"text-black font-text mb-5 text-medium font-300 z-3 relative\n          [&_ul]:lg:pl-20 [&_li]:list-disc [&_li]:list-inside [&_li]:lg:list-outside\n           mb-[215px] xxs:mb-[100px] md:mb-0 \">\n            <p>Un\u2019esperienza in agriturismo alla Fiorida \u00e8 il regalo perfetto per ogni occasione. Sorprendi il tuo partner o i tuoi cari con un buono regalo per vivere soggiorni esclusivi nel cuore della Valtellina, pranzi o cene nei nostri ristoranti (tra cui La Pres\u00e9f, 1 stella Michelin), momenti di relax nel nostro centro benessere.<\/p>\n          <\/div>\n                      <\/div>\n    <\/div>\n  <\/div>\n  <div class=\"relative after:content-[''] after:absolute\n  after:bg-black after:opacity-15 after:inset-0 after:z-2 after:w-full after:h-full\n  after:!opacity-20 min-h-[500px] h-[60vh]\">\n          <img decoding=\"async\" class=\"absolute w-[80%] xxs:w-[250px] lg:w-[350px] -translate-y-[75%] xxs:-translate-y-[50%] z-6\n                  right-[10%] xxs:right-[7%] lg:right-[12%] xl:right-[15%] aspect-[1\/1] object-cover\n                   !rounded-[100%] aspect-[1\/1] object-cover                   \"\n           src=\"https:\/\/www.lafiorida.com\/app\/uploads\/2025\/05\/dolci-ristorazione-la-fiorida.jpg\">\n              <img decoding=\"async\" class=\"relative !w-full min-h-[500px] !h-[60vh] object-cover object-center\" src=\"https:\/\/www.lafiorida.com\/app\/uploads\/2025\/04\/la-fiorida-avventura.jpg\">\n      <\/div>\n<\/section>\n\t\t\t\t<\/div>\n\t\t\t\t<\/div>\n\t\t\t\t<div class=\"elementor-element elementor-element-75bef6c elementor-widget elementor-widget-triple-image-card\" data-id=\"75bef6c\" data-element_type=\"widget\" data-widget_type=\"triple-image-card.default\">\n\t\t\t\t<div class=\"elementor-widget-container\">\n\t\t\t\t\t<section  class=\"triple-image-card flex flex-col-reverse\n   lg:flex-row          my-20 lg:my-90   lg:items-stretch\"> <!-- forza le colonne a stessa altezza -->\n\n  <!-- Colonna immagini -->\n  <div class=\"w-full lg:w-[57%] flex flex-col\">\n    <!-- Prima immagine pi\u00f9 grande, con altezza minima -->\n    <div class=\"w-full aspect-[2\/1] lg:aspect-auto flex-[2] bg-cover bg-center mb-[15px] lg:mb-[30px] lg:min-h-[500px]\"\n         style=\"background-image: url('https:\/\/www.lafiorida.com\/app\/uploads\/2025\/04\/la-fiorida-centro-benessere-te.jpg');\"><\/div>\n\n    <!-- Wrapper che cresce in altezza -->\n    <div class=\"flex gap-[15px] lg:gap-[30px] flex-1\">\n      <!-- Immagine stretta -->\n      <div class=\"w-2\/5 aspect-[2\/1] lg:aspect-auto bg-cover bg-center lg:min-h-[290px]\"\n           style=\"background-image: url('https:\/\/www.lafiorida.com\/app\/uploads\/2025\/04\/la-fiorida-esterni.jpg');\"><\/div>\n      <!-- Immagine larga -->\n      <div class=\"w-3\/5 aspect-[2\/1] lg:aspect-auto bg-cover bg-center lg:min-h-[290px]\"\n           style=\"background-image: url('https:\/\/www.lafiorida.com\/app\/uploads\/2025\/04\/la-fiorida-junior-suite-merlo.jpg');\"><\/div>\n    <\/div>\n  <\/div>\n\n\n\n  <!-- Colonna testo -->\n  <div class=\"w-full lg:w-[43%] flex flex-col justify-center py-30\n        px-30 lg:p-50 xl:p-70 3xl:p-[120px]\n     3xl:pr-[150px] \">\n\n          <div class=\"\n                         text-green1        headline-medium font-title z-3 relative mb-20 md:mb-40 xl:pr-50\">\n        <h2>Come funziona?<\/h2>\n      <\/div>\n    \n          <div class=\"text-black font-text mb-5 text-medium font-300 z-3 relative\n        [&_ul]:lg:pl-20 [&_li]:list-disc [&_li]:list-inside [&_li]:lg:list-outside\">\n        <ul><li><strong>Regala un\u2019esperienza gourmet:<\/strong> buoni regalo per il ristorante stellato La Pres\u00e9f o il Ristorante Quattro Stagioni dell\u2019agriturismo, acquistabili comodamente online con un\u2019ampia scelta di opzioni per tutte le occasioni.<\/li><\/ul><p>\u00a0<\/p><ul><li><strong>Regala un soggiorno o un\u2019esperienza wellness: <\/strong>buoni regalo per il soggiorno in agriturismo o per il nostro centro benessere, creati su misura in base al tipo\u00a0 di esperienza desiderato. Contattaci per personalizzarli e renderli davvero unici.<\/li><\/ul><p>\u00a0<\/p><ul><li><strong>Voucher fisico in busta speciale:<\/strong> se desideri un regalo ancora pi\u00f9 elegante e tangibile puoi acquistare un buono presso la reception dell\u2019agriturismo, racchiuso in una busta esclusiva firmata La Fiorida.<\/li><\/ul><p>\u00a0<\/p><p>Tutti i buoni regalo La Fiorida sono disponibili sia in formato digitale sia in formato cartaceo, perfetti per ogni occasione.<\/p>\n      <\/div>\n    \n    \n    \n    \n    \n    \n    \n  <\/div>\n<\/section>\n\t\t\t\t<\/div>\n\t\t\t\t<\/div>\n\t\t\t\t<div class=\"elementor-element elementor-element-e714359 elementor-widget elementor-widget-triple-cta\" data-id=\"e714359\" data-element_type=\"widget\" data-widget_type=\"triple-cta.default\">\n\t\t\t\t<div class=\"elementor-widget-container\">\n\t\t\t\t\t<section class=\"triple-cta py-60 lg:py-90 w-full\n   bg-sand1     \">\n  <div class=\"container flex flex-row flex-wrap lg:flex-nowrap\">\n    <div class=\"w-1\/2 sm:w-[230px] md:w-[250px] lg:w-[200px] flex-shrink-0\">\n              <div class=\"text-black headline-small font-title z-3 relative mb-20 px-10\">\n          <h3>Scopri e acquista i buoni regalo di La Fiorida<\/h3>\n        <\/div>\n          <\/div>\n    <div class=\"flex flex-row flex-wrap flex-grow lg:pl-30\">\n                        <div class=\"w-full md:w-1\/3 px-10 pb-20 md:pb-0\">\n            <a href=\"\/it\/gift-voucher-ristorante\/\"\n               class=\"group block\">\n                <div class=\"w-full\">\n                  <img decoding=\"async\" src=\"https:\/\/www.lafiorida.com\/app\/uploads\/2025\/05\/dolci-ristorazione-la-fiorida.jpg\" class=\"aspect-[4.4\/3.3] w-full h-full object-cover\">\n                <\/div>\n              <div>\n                <div class=\"transition duration-300 mt-20 font-text text-fluid-21\/27 font-500 cursor-pointer\n          flex flex-row items-center text-black group-hover:text-green3\">\n                  <svg class=\"-translate-y-4 min-w-50 w-50 lg:min-w-60 lg:w-60 mr-15\" xmlns=\"http:\/\/www.w3.org\/2000\/svg\" viewBox=\"0 0 150 150\">\n                    <g id=\"Raggruppa_213\" data-name=\"Raggruppa 213\">\n                      <path fill=\"currentColor\" d=\"M127.35,75h0c0,2.1-1.7,3.81-3.81,3.81H26.46c-2.1,0-3.81-1.7-3.81-3.81h0c0-2.1,1.7-3.81,3.81-3.81h97.08c2.1,0,3.81,1.7,3.81,3.81Z\"\/>\n                      <path fill=\"currentColor\" d=\"M125.18,74.1h0c1.2,1.2,1.2,3.14,0,4.34l-52.58,52.58c-1.2,1.2-3.14,1.2-4.34,0h0c-1.2-1.2-1.2-3.14,0-4.34l52.58-52.58c1.2-1.2,3.14-1.2,4.34,0Z\"\/>\n                      <path fill=\"currentColor\" d=\"M125.18,75.9h0c-1.2,1.2-3.14,1.2-4.34,0l-52.58-52.58c-1.2-1.2-1.2-3.14,0-4.34h0c1.2-1.2,3.14-1.2,4.34,0l52.58,52.58c1.2,1.2,1.2,3.14,0,4.34Z\"\/>\n                    <\/g>\n                  <\/svg>\n                  <div class=\"mb-10 max-w-[250px] lg:max-w-[365px]\">Gift ristorante<\/div>\n                <\/div>\n              <\/div>\n            <\/a>\n          <\/div>\n                                <div class=\"w-full md:w-1\/3 px-10 pb-20 md:pb-0\">\n            <a href=\"\/it\/gift-voucher-benessere\/\"\n               class=\"group block\">\n                <div class=\"w-full\">\n                  <img decoding=\"async\" src=\"https:\/\/www.lafiorida.com\/app\/uploads\/2025\/04\/la-fiorida-massaggi-trattamento-beauty.jpg\" class=\"aspect-[4.4\/3.3] w-full h-full object-cover\">\n                <\/div>\n              <div>\n                <div class=\"transition duration-300 mt-20 font-text text-fluid-21\/27 font-500 cursor-pointer\n          flex flex-row items-center text-black group-hover:text-green3\">\n                  <svg class=\"-translate-y-4 min-w-50 w-50 lg:min-w-60 lg:w-60 mr-15\" xmlns=\"http:\/\/www.w3.org\/2000\/svg\" viewBox=\"0 0 150 150\">\n                    <g id=\"Raggruppa_213\" data-name=\"Raggruppa 213\">\n                      <path fill=\"currentColor\" d=\"M127.35,75h0c0,2.1-1.7,3.81-3.81,3.81H26.46c-2.1,0-3.81-1.7-3.81-3.81h0c0-2.1,1.7-3.81,3.81-3.81h97.08c2.1,0,3.81,1.7,3.81,3.81Z\"\/>\n                      <path fill=\"currentColor\" d=\"M125.18,74.1h0c1.2,1.2,1.2,3.14,0,4.34l-52.58,52.58c-1.2,1.2-3.14,1.2-4.34,0h0c-1.2-1.2-1.2-3.14,0-4.34l52.58-52.58c1.2-1.2,3.14-1.2,4.34,0Z\"\/>\n                      <path fill=\"currentColor\" d=\"M125.18,75.9h0c-1.2,1.2-3.14,1.2-4.34,0l-52.58-52.58c-1.2-1.2-1.2-3.14,0-4.34h0c1.2-1.2,3.14-1.2,4.34,0l52.58,52.58c1.2,1.2,1.2,3.14,0,4.34Z\"\/>\n                    <\/g>\n                  <\/svg>\n                  <div class=\"mb-10 max-w-[250px] lg:max-w-[365px]\">Gift benessere<\/div>\n                <\/div>\n              <\/div>\n            <\/a>\n          <\/div>\n                                <div class=\"w-full md:w-1\/3 px-10 pb-20 md:pb-0\">\n            <a href=\"\/it\/gift-voucher-soggiorni\/\"\n               class=\"group block\">\n                <div class=\"w-full\">\n                  <img decoding=\"async\" src=\"https:\/\/www.lafiorida.com\/app\/uploads\/2025\/04\/la-fiorida-percorso.jpg\" class=\"aspect-[4.4\/3.3] w-full h-full object-cover\">\n                <\/div>\n              <div>\n                <div class=\"transition duration-300 mt-20 font-text text-fluid-21\/27 font-500 cursor-pointer\n          flex flex-row items-center text-black group-hover:text-green3\">\n                  <svg class=\"-translate-y-4 min-w-50 w-50 lg:min-w-60 lg:w-60 mr-15\" xmlns=\"http:\/\/www.w3.org\/2000\/svg\" viewBox=\"0 0 150 150\">\n                    <g id=\"Raggruppa_213\" data-name=\"Raggruppa 213\">\n                      <path fill=\"currentColor\" d=\"M127.35,75h0c0,2.1-1.7,3.81-3.81,3.81H26.46c-2.1,0-3.81-1.7-3.81-3.81h0c0-2.1,1.7-3.81,3.81-3.81h97.08c2.1,0,3.81,1.7,3.81,3.81Z\"\/>\n                      <path fill=\"currentColor\" d=\"M125.18,74.1h0c1.2,1.2,1.2,3.14,0,4.34l-52.58,52.58c-1.2,1.2-3.14,1.2-4.34,0h0c-1.2-1.2-1.2-3.14,0-4.34l52.58-52.58c1.2-1.2,3.14-1.2,4.34,0Z\"\/>\n                      <path fill=\"currentColor\" d=\"M125.18,75.9h0c-1.2,1.2-3.14,1.2-4.34,0l-52.58-52.58c-1.2-1.2-1.2-3.14,0-4.34h0c1.2-1.2,3.14-1.2,4.34,0l52.58,52.58c1.2,1.2,1.2,3.14,0,4.34Z\"\/>\n                    <\/g>\n                  <\/svg>\n                  <div class=\"mb-10 max-w-[250px] lg:max-w-[365px]\">Gift soggiorno<\/div>\n                <\/div>\n              <\/div>\n            <\/a>\n          <\/div>\n                  <\/div>\n  <\/div>\n<\/section>\n\t\t\t\t<\/div>\n\t\t\t\t<\/div>\n\t\t\t\t<div class=\"elementor-element elementor-element-406e885 elementor-widget elementor-widget-triple-image-card\" data-id=\"406e885\" data-element_type=\"widget\" data-widget_type=\"triple-image-card.default\">\n\t\t\t\t<div class=\"elementor-widget-container\">\n\t\t\t\t\t<section  class=\"triple-image-card flex flex-col-reverse\n   lg:flex-row-reverse          my-20 lg:my-90   lg:items-stretch\"> <!-- forza le colonne a stessa altezza -->\n\n  <!-- Colonna immagini -->\n  <div class=\"w-full lg:w-[57%] flex flex-col\">\n    <!-- Prima immagine pi\u00f9 grande, con altezza minima -->\n    <div class=\"w-full aspect-[2\/1] lg:aspect-auto flex-[2] bg-cover bg-center mb-[15px] lg:mb-[30px] lg:min-h-[500px]\"\n         style=\"background-image: url('https:\/\/www.lafiorida.com\/app\/uploads\/2025\/04\/la-fiorida-Spa-massaggi.jpg');\"><\/div>\n\n    <!-- Wrapper che cresce in altezza -->\n    <div class=\"flex gap-[15px] lg:gap-[30px] flex-1\">\n      <!-- Immagine stretta -->\n      <div class=\"w-2\/5 aspect-[2\/1] lg:aspect-auto bg-cover bg-center lg:min-h-[290px]\"\n           style=\"background-image: url('https:\/\/www.lafiorida.com\/app\/uploads\/2025\/04\/la-fiorida-spa-bagni-piscina-aperitivo.jpg');\"><\/div>\n      <!-- Immagine larga -->\n      <div class=\"w-3\/5 aspect-[2\/1] lg:aspect-auto bg-cover bg-center lg:min-h-[290px]\"\n           style=\"background-image: url('https:\/\/www.lafiorida.com\/app\/uploads\/2025\/04\/la-fiorida-massaggi-addome-gonfio.jpg');\"><\/div>\n    <\/div>\n  <\/div>\n\n\n\n  <!-- Colonna testo -->\n  <div class=\"w-full lg:w-[43%] flex flex-col justify-center py-30\n        px-30 lg:p-50 xl:p-70 3xl:p-[120px]\n     3xl:pl-[150px] \">\n\n          <div class=\"\n                         text-green1        headline-medium font-title z-3 relative mb-20 md:mb-40 xl:pr-50\">\n        <h3>Perch\u00e9 regalare un voucher La Fiorida?<\/h3>\n      <\/div>\n    \n          <div class=\"text-black font-text mb-5 text-medium font-300 z-3 relative\n        [&_ul]:lg:pl-20 [&_li]:list-disc [&_li]:list-inside [&_li]:lg:list-outside\">\n        <ul><li><strong>Durata e flessibilit\u00e0:<\/strong> i buoni regalo hanno una validit\u00e0 di 12 mesi, in modo da garantire la massima comodit\u00e0.<\/li><li><strong>Qualit\u00e0 garantita:<\/strong> esperienze autentiche e curate in ogni dettaglio, capaci di soddisfare le aspettative e i desideri di chi le riceve in dono.<\/li><li><strong>Personalizzazione:<\/strong> ogni buono \u00e8 personalizzabile per ogni occasione, dalla pi\u00f9 informale alla pi\u00f9 speciale, per regalare sempre un pensiero su misura.<\/li><li><strong>Eleganza:<\/strong> i nostri buoni regalo in formato fisico sono voucher confezionati in busta speciale, perfetti per dedicare un pensiero unico e raffinato.<\/li><\/ul>\n      <\/div>\n    \n    \n    \n    \n    \n    \n    \n  <\/div>\n<\/section>\n\t\t\t\t<\/div>\n\t\t\t\t<\/div>\n\t\t\t\t<\/div>\n\t\t\t\t<\/div>\n\t\t","protected":false},"excerpt":{"rendered":"<p>Regala La Fiorida Un\u2019esperienza in agriturismo alla Fiorida \u00e8 il regalo perfetto per ogni occasione. Sorprendi il tuo partner o i tuoi cari con un buono regalo per vivere soggiorni esclusivi nel cuore della Valtellina, pranzi o cene nei nostri ristoranti (tra cui La Pres\u00e9f, 1 stella Michelin), momenti di relax nel nostro centro benessere. &hellip; <a href=\"https:\/\/www.lafiorida.com\/it\/regala-un-esperienza\/\">Continued<\/a><\/p>\n","protected":false},"author":1,"featured_media":0,"parent":0,"menu_order":0,"comment_status":"closed","ping_status":"closed","template":"","meta":{"_acf_changed":false,"footnotes":""},"class_list":["post-1149","page","type-page","status-publish","hentry"],"acf":[],"yoast_head":"<!-- This site is optimized with the Yoast SEO plugin v24.6 - https:\/\/yoast.com\/wordpress\/plugins\/seo\/ -->\n<title>Regala un&#039;esperienza | La Fiorida<\/title>\n<meta name=\"description\" content=\"Cerchi un&#039;idea regalo? Scopri i nostri Gift voucher per regalare esperienze di soggiorno, benessere o enogastronomia in Valtellina.\" \/>\n<meta name=\"robots\" content=\"index, follow, max-snippet:-1, max-image-preview:large, max-video-preview:-1\" \/>\n<link rel=\"canonical\" href=\"https:\/\/www.lafiorida.com\/it\/regala-un-esperienza\/\" \/>\n<meta property=\"og:locale\" content=\"it_IT\" \/>\n<meta property=\"og:type\" content=\"article\" \/>\n<meta property=\"og:title\" content=\"Regala un&#039;esperienza | La Fiorida\" \/>\n<meta property=\"og:description\" content=\"Cerchi un&#039;idea regalo? Scopri i nostri Gift voucher per regalare esperienze di soggiorno, benessere o enogastronomia in Valtellina.\" \/>\n<meta property=\"og:url\" content=\"https:\/\/www.lafiorida.com\/it\/regala-un-esperienza\/\" \/>\n<meta property=\"og:site_name\" content=\"La Fiorida\" \/>\n<meta property=\"article:modified_time\" content=\"2025-09-23T19:51:22+00:00\" \/>\n<meta property=\"og:image\" content=\"https:\/\/www.lafiorida.com\/app\/uploads\/2025\/05\/dolci-ristorazione-la-fiorida.jpg\" \/>\n<meta name=\"twitter:card\" content=\"summary_large_image\" \/>\n<meta name=\"twitter:label1\" content=\"Est. reading time\" \/>\n\t<meta name=\"twitter:data1\" content=\"3 minuti\" \/>\n<script type=\"application\/ld+json\" class=\"yoast-schema-graph\">{\"@context\":\"https:\/\/schema.org\",\"@graph\":[{\"@type\":\"WebPage\",\"@id\":\"https:\/\/www.lafiorida.com\/it\/regala-un-esperienza\/\",\"url\":\"https:\/\/www.lafiorida.com\/it\/regala-un-esperienza\/\",\"name\":\"Regala un'esperienza | La Fiorida\",\"isPartOf\":{\"@id\":\"https:\/\/www.lafiorida.com\/it\/#website\"},\"primaryImageOfPage\":{\"@id\":\"https:\/\/www.lafiorida.com\/it\/regala-un-esperienza\/#primaryimage\"},\"image\":{\"@id\":\"https:\/\/www.lafiorida.com\/it\/regala-un-esperienza\/#primaryimage\"},\"thumbnailUrl\":\"https:\/\/www.lafiorida.com\/app\/uploads\/2025\/05\/dolci-ristorazione-la-fiorida.jpg\",\"datePublished\":\"2025-07-08T13:19:29+00:00\",\"dateModified\":\"2025-09-23T19:51:22+00:00\",\"description\":\"Cerchi un'idea regalo? Scopri i nostri Gift voucher per regalare esperienze di soggiorno, benessere o enogastronomia in Valtellina.\",\"breadcrumb\":{\"@id\":\"https:\/\/www.lafiorida.com\/it\/regala-un-esperienza\/#breadcrumb\"},\"inLanguage\":\"it-IT\",\"potentialAction\":[{\"@type\":\"ReadAction\",\"target\":[\"https:\/\/www.lafiorida.com\/it\/regala-un-esperienza\/\"]}]},{\"@type\":\"ImageObject\",\"inLanguage\":\"it-IT\",\"@id\":\"https:\/\/www.lafiorida.com\/it\/regala-un-esperienza\/#primaryimage\",\"url\":\"https:\/\/www.lafiorida.com\/app\/uploads\/2025\/05\/dolci-ristorazione-la-fiorida.jpg\",\"contentUrl\":\"https:\/\/www.lafiorida.com\/app\/uploads\/2025\/05\/dolci-ristorazione-la-fiorida.jpg\"},{\"@type\":\"BreadcrumbList\",\"@id\":\"https:\/\/www.lafiorida.com\/it\/regala-un-esperienza\/#breadcrumb\",\"itemListElement\":[{\"@type\":\"ListItem\",\"position\":1,\"name\":\"Home\",\"item\":\"https:\/\/www.lafiorida.com\/it\/\"},{\"@type\":\"ListItem\",\"position\":2,\"name\":\"Regala un&#8217;esperienza\"}]},{\"@type\":\"WebSite\",\"@id\":\"https:\/\/www.lafiorida.com\/it\/#website\",\"url\":\"https:\/\/www.lafiorida.com\/it\/\",\"name\":\"La Fiorida\",\"description\":\"\",\"potentialAction\":[{\"@type\":\"SearchAction\",\"target\":{\"@type\":\"EntryPoint\",\"urlTemplate\":\"https:\/\/www.lafiorida.com\/it\/?s={search_term_string}\"},\"query-input\":{\"@type\":\"PropertyValueSpecification\",\"valueRequired\":true,\"valueName\":\"search_term_string\"}}],\"inLanguage\":\"it-IT\"}]}<\/script>\n<!-- \/ Yoast SEO plugin. -->","yoast_head_json":{"title":"Regala un'esperienza | La Fiorida","description":"Cerchi un'idea regalo? Scopri i nostri Gift voucher per regalare esperienze di soggiorno, benessere o enogastronomia in Valtellina.","robots":{"index":"index","follow":"follow","max-snippet":"max-snippet:-1","max-image-preview":"max-image-preview:large","max-video-preview":"max-video-preview:-1"},"canonical":"https:\/\/www.lafiorida.com\/it\/regala-un-esperienza\/","og_locale":"it_IT","og_type":"article","og_title":"Regala un'esperienza | La Fiorida","og_description":"Cerchi un'idea regalo? Scopri i nostri Gift voucher per regalare esperienze di soggiorno, benessere o enogastronomia in Valtellina.","og_url":"https:\/\/www.lafiorida.com\/it\/regala-un-esperienza\/","og_site_name":"La Fiorida","article_modified_time":"2025-09-23T19:51:22+00:00","og_image":[{"url":"https:\/\/www.lafiorida.com\/app\/uploads\/2025\/05\/dolci-ristorazione-la-fiorida.jpg","type":"","width":"","height":""}],"twitter_card":"summary_large_image","twitter_misc":{"Est. reading time":"3 minuti"},"schema":{"@context":"https:\/\/schema.org","@graph":[{"@type":"WebPage","@id":"https:\/\/www.lafiorida.com\/it\/regala-un-esperienza\/","url":"https:\/\/www.lafiorida.com\/it\/regala-un-esperienza\/","name":"Regala un'esperienza | La Fiorida","isPartOf":{"@id":"https:\/\/www.lafiorida.com\/it\/#website"},"primaryImageOfPage":{"@id":"https:\/\/www.lafiorida.com\/it\/regala-un-esperienza\/#primaryimage"},"image":{"@id":"https:\/\/www.lafiorida.com\/it\/regala-un-esperienza\/#primaryimage"},"thumbnailUrl":"https:\/\/www.lafiorida.com\/app\/uploads\/2025\/05\/dolci-ristorazione-la-fiorida.jpg","datePublished":"2025-07-08T13:19:29+00:00","dateModified":"2025-09-23T19:51:22+00:00","description":"Cerchi un'idea regalo? Scopri i nostri Gift voucher per regalare esperienze di soggiorno, benessere o enogastronomia in Valtellina.","breadcrumb":{"@id":"https:\/\/www.lafiorida.com\/it\/regala-un-esperienza\/#breadcrumb"},"inLanguage":"it-IT","potentialAction":[{"@type":"ReadAction","target":["https:\/\/www.lafiorida.com\/it\/regala-un-esperienza\/"]}]},{"@type":"ImageObject","inLanguage":"it-IT","@id":"https:\/\/www.lafiorida.com\/it\/regala-un-esperienza\/#primaryimage","url":"https:\/\/www.lafiorida.com\/app\/uploads\/2025\/05\/dolci-ristorazione-la-fiorida.jpg","contentUrl":"https:\/\/www.lafiorida.com\/app\/uploads\/2025\/05\/dolci-ristorazione-la-fiorida.jpg"},{"@type":"BreadcrumbList","@id":"https:\/\/www.lafiorida.com\/it\/regala-un-esperienza\/#breadcrumb","itemListElement":[{"@type":"ListItem","position":1,"name":"Home","item":"https:\/\/www.lafiorida.com\/it\/"},{"@type":"ListItem","position":2,"name":"Regala un&#8217;esperienza"}]},{"@type":"WebSite","@id":"https:\/\/www.lafiorida.com\/it\/#website","url":"https:\/\/www.lafiorida.com\/it\/","name":"La Fiorida","description":"","potentialAction":[{"@type":"SearchAction","target":{"@type":"EntryPoint","urlTemplate":"https:\/\/www.lafiorida.com\/it\/?s={search_term_string}"},"query-input":{"@type":"PropertyValueSpecification","valueRequired":true,"valueName":"search_term_string"}}],"inLanguage":"it-IT"}]}},"_links":{"self":[{"href":"https:\/\/www.lafiorida.com\/it\/wp-json\/wp\/v2\/pages\/1149","targetHints":{"allow":["GET"]}}],"collection":[{"href":"https:\/\/www.lafiorida.com\/it\/wp-json\/wp\/v2\/pages"}],"about":[{"href":"https:\/\/www.lafiorida.com\/it\/wp-json\/wp\/v2\/types\/page"}],"author":[{"embeddable":true,"href":"https:\/\/www.lafiorida.com\/it\/wp-json\/wp\/v2\/users\/1"}],"replies":[{"embeddable":true,"href":"https:\/\/www.lafiorida.com\/it\/wp-json\/wp\/v2\/comments?post=1149"}],"version-history":[{"count":3,"href":"https:\/\/www.lafiorida.com\/it\/wp-json\/wp\/v2\/pages\/1149\/revisions"}],"predecessor-version":[{"id":3178,"href":"https:\/\/www.lafiorida.com\/it\/wp-json\/wp\/v2\/pages\/1149\/revisions\/3178"}],"wp:attachment":[{"href":"https:\/\/www.lafiorida.com\/it\/wp-json\/wp\/v2\/media?parent=1149"}],"curies":[{"name":"wp","href":"https:\/\/api.w.org\/{rel}","templated":true}]}}