{"id":1170,"date":"2025-07-08T13:46:17","date_gmt":"2025-07-08T13:46:17","guid":{"rendered":"https:\/\/www.lafiorida.com\/?page_id=1170"},"modified":"2025-09-08T09:55:37","modified_gmt":"2025-09-08T09:55:37","slug":"gift-voucher-ristorante","status":"publish","type":"page","link":"https:\/\/www.lafiorida.com\/it\/gift-voucher-ristorante\/","title":{"rendered":"Gift voucher ristorante"},"content":{"rendered":"\t\t<div data-elementor-type=\"wp-page\" data-elementor-id=\"1170\" class=\"elementor elementor-1170\" data-elementor-post-type=\"page\">\n\t\t\t\t<div class=\"elementor-element elementor-element-0d5b84b e-con-full e-flex e-con e-parent\" data-id=\"0d5b84b\" data-element_type=\"container\">\n\t\t\t\t<div class=\"elementor-element elementor-element-be84e07 elementor-widget elementor-widget-hero-broken\" data-id=\"be84e07\" data-element_type=\"widget\" data-widget_type=\"hero-broken.default\">\n\t\t\t\t<div class=\"elementor-widget-container\">\n\t\t\t\t\t<section class=\"hero-broken\">\n  <div class=\"w-full min-h-[450px] md:h-[50vh] flex flex-col justify-center pt-70\n   bg-sand1     \">\n    <div class=\"w-full md:w-2\/3 lg:w-3\/5 3xl:w-1\/2 flex flex-row flex-wrap p-0 items-start gap-y-20 px-30 py-50 md:py-80\">\n      <div class=\"w-full flex flex-col lg:items-start lg:text-left\n                  lg:pl-[5%] xl:pl-[10%] 3xl:pl-[20%] lg:pr-[10%] xl:pr-[15%] 3xl:pr-[10%]\">\n                  <div class=\"text-green1 headline-medium font-title z-3 relative mb-20\">\n            <h1 class=\"\">Gift voucher Ristorante<\/h1>\n          <\/div>\n                          <div class=\"text-black font-text mb-5 text-medium font-300 z-3 relative\n          [&_ul]:lg:pl-20 [&_li]:list-disc [&_li]:list-inside [&_li]:lg:list-outside\n           mb-[215px] xxs:mb-[100px] md:mb-0 \">\n            <p>Regala un\u2019esperienza gastronomica memorabile alla Fiorida.<\/p><p>I nostri ristoranti offrono proposte culinarie che riflettono i valori fondamentali della nostra azienda agricola: la filiera corta, il rispetto per il territorio, la sostenibilit\u00e0, il benessere animale e l\u2019impegno per la qualit\u00e0. Ogni piatto \u00e8 preparato con ingredienti freschi provenienti dai nostri allevamenti, dagli orti e da piccole realt\u00e0 del territorio.<\/p>\n          <\/div>\n                      <\/div>\n    <\/div>\n  <\/div>\n  <div class=\"relative after:content-[''] after:absolute\n  after:bg-black after:opacity-15 after:inset-0 after:z-2 after:w-full after:h-full\n  after:!opacity-20 min-h-[500px] h-[60vh]\">\n          <img decoding=\"async\" class=\"absolute w-[80%] xxs:w-[250px] lg:w-[350px] -translate-y-[75%] xxs:-translate-y-[50%] z-6\n                  right-[10%] xxs:right-[7%] lg:right-[12%] xl:right-[15%] aspect-[1\/1] object-cover\n                   !rounded-[100%] aspect-[1\/1] object-cover                   \"\n           src=\"https:\/\/www.lafiorida.com\/app\/uploads\/2025\/04\/la-fiorida-presef-Chef-Gianni-Tarabini.jpg\">\n              <img decoding=\"async\" class=\"relative !w-full min-h-[500px] !h-[60vh] object-cover object-center\" src=\"https:\/\/www.lafiorida.com\/app\/uploads\/2025\/04\/la-Fiorida-accoglienza-ristorante.jpg\">\n      <\/div>\n<\/section>\n\t\t\t\t<\/div>\n\t\t\t\t<\/div>\n\t\t\t\t<div class=\"elementor-element elementor-element-014c069 elementor-widget elementor-widget-simple-text\" data-id=\"014c069\" data-element_type=\"widget\" data-widget_type=\"simple-text.default\">\n\t\t\t\t<div class=\"elementor-widget-container\">\n\t\t\t\t\t<section class=\"simple-text\">\n  <div class=\"w-full min-h-[370px] flex flex-col justify-center  !min-h-0 \">\n    <div class=\"w-full flex flex-row flex-wrap p-0 items-start gap-y-20 px-30  pt-90 pb-10 \">\n      <div class=\"w-full flex flex-col lg:items-start lg:text-left\n                  lg:pl-[4%] xl:pl-[6%] 3xl:pl-[10%] lg:pr-[4%] xl:pr-[6%] 3xl:pr-[10%]\">\n                  <div class=\"text-green1 headline-medium font-title z-3 relative mb-20  text-center w-full \">\n            <h2>Regala un pranzo in agriturismo o una cena stellata<\/h2>\n          <\/div>\n                \n        \n      <\/div>\n    <\/div>\n  <\/div>\n<\/section>\n\t\t\t\t<\/div>\n\t\t\t\t<\/div>\n\t\t\t\t<div class=\"elementor-element elementor-element-70026e7 elementor-widget elementor-widget-triple-image-card\" data-id=\"70026e7\" data-element_type=\"widget\" data-widget_type=\"triple-image-card.default\">\n\t\t\t\t<div class=\"elementor-widget-container\">\n\t\t\t\t\t<section  class=\"triple-image-card flex flex-col-reverse\n   lg:flex-row          my-20 lg:my-90   lg:items-stretch\"> <!-- forza le colonne a stessa altezza -->\n\n  <!-- Colonna immagini -->\n  <div class=\"w-full lg:w-[57%] flex flex-col\">\n    <!-- Prima immagine pi\u00f9 grande, con altezza minima -->\n    <div class=\"w-full aspect-[2\/1] lg:aspect-auto flex-[2] bg-cover bg-center mb-[15px] lg:mb-[30px] lg:min-h-[500px]\"\n         style=\"background-image: url('https:\/\/www.lafiorida.com\/app\/uploads\/2025\/04\/la-fiorida-presef-Chef-Gianni-Tarabini.jpg');\"><\/div>\n\n    <!-- Wrapper che cresce in altezza -->\n    <div class=\"flex gap-[15px] lg:gap-[30px] flex-1\">\n      <!-- Immagine stretta -->\n      <div class=\"w-2\/5 aspect-[2\/1] lg:aspect-auto bg-cover bg-center lg:min-h-[290px]\"\n           style=\"background-image: url('https:\/\/www.lafiorida.com\/app\/uploads\/2025\/08\/la-fiorida-anima-gustosa-presef.jpg');\"><\/div>\n      <!-- Immagine larga -->\n      <div class=\"w-3\/5 aspect-[2\/1] lg:aspect-auto bg-cover bg-center lg:min-h-[290px]\"\n           style=\"background-image: url('https:\/\/www.lafiorida.com\/app\/uploads\/2025\/05\/fiorida-sala-ravioli-presef.jpg');\"><\/div>\n    <\/div>\n  <\/div>\n\n\n\n  <!-- Colonna testo -->\n  <div class=\"w-full lg:w-[43%] flex flex-col justify-center py-30\n        px-30 lg:p-50 xl:p-70 3xl:p-[120px]\n     3xl:pr-[150px] \">\n\n          <div class=\"\n                         text-green1        headline-medium font-title z-3 relative mb-20 md:mb-40 xl:pr-50\">\n        <h3><strong>Gift voucher ristorante stellato La Pres\u00e9f<\/strong><\/h3>\n      <\/div>\n    \n          <div class=\"text-black font-text mb-5 text-medium font-300 z-3 relative\n        [&_ul]:lg:pl-20 [&_li]:list-disc [&_li]:list-inside [&_li]:lg:list-outside\">\n        <p><strong>Una cena a La Pres\u00e9f<\/strong>, ristorante con 1 stella Michelin e 1 stella verde in Valtellina, \u00e8 un viaggio sensoriale che unisce innovazione e tradizione, con ingredienti a chilometro zero di altissima qualit\u00e0, nel pieno rispetto della sostenibilit\u00e0 e del benessere animale.<\/p><p>\u00a0<\/p><p>Regalando una cena esclusiva in un ristorante stellato farai vivere un'esperienza unica e speciale alla persona che ricever\u00e0 il tuo pensiero e potrete trascorrere insieme momenti indimenticabili.<\/p>\n      <\/div>\n    \n    \n    \n    \n          <div class=\"mt-10 md:mt-20 lg:mt-40\">\n        <a href=\"https:\/\/www.lapresef.com\/gift-voucher\/\"\n            target=\"_blank\"            >\n          <div class=\"\n                                         text-green1 hover:text-green3            transition duration-300 mt-20 font-text text-fluid-20\/32 font-500\n          cursor-pointer flex flex-row items-center\">\n            <svg class=\"min-w-60 w-60 lg:min-w-70 lg:w-70 mr-15\" xmlns=\"http:\/\/www.w3.org\/2000\/svg\" viewBox=\"0 0 150 150\">\n              <g id=\"Raggruppa_213\" data-name=\"Raggruppa 213\">\n                <path fill=\"currentColor\" d=\"M127.35,75h0c0,2.1-1.7,3.81-3.81,3.81H26.46c-2.1,0-3.81-1.7-3.81-3.81h0c0-2.1,1.7-3.81,3.81-3.81h97.08c2.1,0,3.81,1.7,3.81,3.81Z\"\/>\n                <path fill=\"currentColor\" d=\"M125.18,74.1h0c1.2,1.2,1.2,3.14,0,4.34l-52.58,52.58c-1.2,1.2-3.14,1.2-4.34,0h0c-1.2-1.2-1.2-3.14,0-4.34l52.58-52.58c1.2-1.2,3.14-1.2,4.34,0Z\"\/>\n                <path fill=\"currentColor\" d=\"M125.18,75.9h0c-1.2,1.2-3.14,1.2-4.34,0l-52.58-52.58c-1.2-1.2-1.2-3.14,0-4.34h0c1.2-1.2,3.14-1.2,4.34,0l52.58,52.58c1.2,1.2,1.2,3.14,0,4.34Z\"\/>\n              <\/g>\n            <\/svg>\n            <div class=\"mb-10 max-w-[250px] lg:max-w-[365px]\">Regala La Pres\u00e9f<\/div>\n          <\/div>\n        <\/a>\n      <\/div>\n    \n    \n    \n  <\/div>\n<\/section>\n\t\t\t\t<\/div>\n\t\t\t\t<\/div>\n\t\t\t\t<div class=\"elementor-element elementor-element-847bc0c elementor-widget elementor-widget-triple-image-card\" data-id=\"847bc0c\" data-element_type=\"widget\" data-widget_type=\"triple-image-card.default\">\n\t\t\t\t<div class=\"elementor-widget-container\">\n\t\t\t\t\t<section  class=\"triple-image-card flex flex-col-reverse\n   lg:flex-row-reverse          my-20 lg:my-90   lg:items-stretch\"> <!-- forza le colonne a stessa altezza -->\n\n  <!-- Colonna immagini -->\n  <div class=\"w-full lg:w-[57%] flex flex-col\">\n    <!-- Prima immagine pi\u00f9 grande, con altezza minima -->\n    <div class=\"w-full aspect-[2\/1] lg:aspect-auto flex-[2] bg-cover bg-center mb-[15px] lg:mb-[30px] lg:min-h-[500px]\"\n         style=\"background-image: url('https:\/\/www.lafiorida.com\/app\/uploads\/2025\/04\/la-fiorida-famiglia-ristorante.jpg');\"><\/div>\n\n    <!-- Wrapper che cresce in altezza -->\n    <div class=\"flex gap-[15px] lg:gap-[30px] flex-1\">\n      <!-- Immagine stretta -->\n      <div class=\"w-2\/5 aspect-[2\/1] lg:aspect-auto bg-cover bg-center lg:min-h-[290px]\"\n           style=\"background-image: url('https:\/\/www.lafiorida.com\/app\/uploads\/2025\/08\/la-fiorida-ristorante-tagliere.jpg');\"><\/div>\n      <!-- Immagine larga -->\n      <div class=\"w-3\/5 aspect-[2\/1] lg:aspect-auto bg-cover bg-center lg:min-h-[290px]\"\n           style=\"background-image: url('https:\/\/www.lafiorida.com\/app\/uploads\/2025\/08\/la-fiorida-ristorante-pizzoccheri.jpg');\"><\/div>\n    <\/div>\n  <\/div>\n\n\n\n  <!-- Colonna testo -->\n  <div class=\"w-full lg:w-[43%] flex flex-col justify-center py-30\n        px-30 lg:p-50 xl:p-70 3xl:p-[120px]\n     3xl:pl-[150px] \">\n\n          <div class=\"\n                         text-green1        headline-medium font-title z-3 relative mb-20 md:mb-40 xl:pr-50\">\n        <h3><strong>Gift voucher ristorante Quattro Stagioni<\/strong><\/h3>\n      <\/div>\n    \n          <div class=\"text-black font-text mb-5 text-medium font-300 z-3 relative\n        [&_ul]:lg:pl-20 [&_li]:list-disc [&_li]:list-inside [&_li]:lg:list-outside\">\n        <p><strong>Il ristorante Quattro Stagioni <\/strong>all'interno dell'agriturismo La Fiorida \u00e8 un ambiente conviviale e accogliente dove gustare piatti tipici valtellinesi, preparati con cura e passione in perfetta sintonia con le tradizioni locali e la nostra filiera cortissima, accanto a proposte vegetariane.<\/p><p>\u00a0<\/p><p>Regala un pranzo o una cena in agriturismo per dedicare un'autentica esperienza gourmet alle persone pi\u00f9 care.<\/p>\n      <\/div>\n    \n    \n    \n    \n          <div class=\"mt-10 md:mt-20 lg:mt-40\">\n        <a href=\"https:\/\/www.covermanager.com\/eco\/buy_products\/ristorante-quattrostagioni\/italian\"\n            target=\"_blank\"            >\n          <div class=\"\n                                         text-green1 hover:text-green3            transition duration-300 mt-20 font-text text-fluid-20\/32 font-500\n          cursor-pointer flex flex-row items-center\">\n            <svg class=\"min-w-60 w-60 lg:min-w-70 lg:w-70 mr-15\" xmlns=\"http:\/\/www.w3.org\/2000\/svg\" viewBox=\"0 0 150 150\">\n              <g id=\"Raggruppa_213\" data-name=\"Raggruppa 213\">\n                <path fill=\"currentColor\" d=\"M127.35,75h0c0,2.1-1.7,3.81-3.81,3.81H26.46c-2.1,0-3.81-1.7-3.81-3.81h0c0-2.1,1.7-3.81,3.81-3.81h97.08c2.1,0,3.81,1.7,3.81,3.81Z\"\/>\n                <path fill=\"currentColor\" d=\"M125.18,74.1h0c1.2,1.2,1.2,3.14,0,4.34l-52.58,52.58c-1.2,1.2-3.14,1.2-4.34,0h0c-1.2-1.2-1.2-3.14,0-4.34l52.58-52.58c1.2-1.2,3.14-1.2,4.34,0Z\"\/>\n                <path fill=\"currentColor\" d=\"M125.18,75.9h0c-1.2,1.2-3.14,1.2-4.34,0l-52.58-52.58c-1.2-1.2-1.2-3.14,0-4.34h0c1.2-1.2,3.14-1.2,4.34,0l52.58,52.58c1.2,1.2,1.2,3.14,0,4.34Z\"\/>\n              <\/g>\n            <\/svg>\n            <div class=\"mb-10 max-w-[250px] lg:max-w-[365px]\">Regala una cena o un pranzo in agriturismo<\/div>\n          <\/div>\n        <\/a>\n      <\/div>\n    \n    \n    \n  <\/div>\n<\/section>\n\t\t\t\t<\/div>\n\t\t\t\t<\/div>\n\t\t\t\t<div class=\"elementor-element elementor-element-55d3a14 elementor-widget elementor-widget-simple-text\" data-id=\"55d3a14\" data-element_type=\"widget\" data-widget_type=\"simple-text.default\">\n\t\t\t\t<div class=\"elementor-widget-container\">\n\t\t\t\t\t<section class=\"simple-text\">\n  <div class=\"w-full min-h-[370px] flex flex-col justify-center  !min-h-0 \">\n    <div class=\"w-full flex flex-row flex-wrap p-0 items-start gap-y-20 px-30  pt-90 pb-10 \">\n      <div class=\"w-full flex flex-col lg:items-start lg:text-left\n                  lg:pl-[4%] xl:pl-[6%] 3xl:pl-[10%] lg:pr-[4%] xl:pr-[6%] 3xl:pr-[10%]\">\n                          <div class=\"text-black font-text mb-5 text-medium font-300 z-3 relative\n          [&_ul]:lg:pl-20 [&_li]:list-disc [&_li]:list-inside [&_li]:lg:list-outside   text-center w-full \">\n            <div class=\"wpb_row vc_row vc_row-fluid mk-fullwidth-false attched-false vc_row-fluid\"><div class=\"vc_col-sm-12 wpb_column column_container \"><div class=\"mk-text-block \"><p>Puoi personalizzare il tuo voucher regalo per adattarlo perfettamente all\u2019occasione e ai desideri del destinatario.<\/p><\/div><\/div><\/div><div class=\"wpb_row vc_row vc_row-fluid mk-fullwidth-false attched-false vc_row-fluid\"><div class=\"vc_col-sm-12 wpb_column column_container \"><div class=\"mk-text-block \"><p>Se hai bisogno di assistenza, il nostro team \u00e8 sempre a disposizione: contattaci.<\/p><p><strong>E-mail<\/strong>: <a href=\"mailto:info@lafiorida.com\"><span style=\"text-decoration: underline;\">info@lafiorida.com<\/span><\/a><\/p><p><strong>Telefono<\/strong>: <span style=\"text-decoration: underline;\"><a href=\"tel:+390342680846\">+39 0342 680846<\/a><\/span><\/p><\/div><\/div><\/div>\n          <\/div>\n        \n        \n      <\/div>\n    <\/div>\n  <\/div>\n<\/section>\n\t\t\t\t<\/div>\n\t\t\t\t<\/div>\n\t\t\t\t<\/div>\n\t\t\t\t<\/div>\n\t\t","protected":false},"excerpt":{"rendered":"<p>Gift voucher Ristorante Regala un\u2019esperienza gastronomica memorabile alla Fiorida. I nostri ristoranti offrono proposte culinarie che riflettono i valori fondamentali della nostra azienda agricola: la filiera corta, il rispetto per il territorio, la sostenibilit\u00e0, il benessere animale e l\u2019impegno per la qualit\u00e0. Ogni piatto \u00e8 preparato con ingredienti freschi provenienti dai nostri allevamenti, dagli orti &hellip; <a href=\"https:\/\/www.lafiorida.com\/it\/gift-voucher-ristorante\/\">Continued<\/a><\/p>\n","protected":false},"author":1,"featured_media":0,"parent":0,"menu_order":0,"comment_status":"closed","ping_status":"closed","template":"","meta":{"_acf_changed":false,"footnotes":""},"class_list":["post-1170","page","type-page","status-publish","hentry"],"acf":[],"yoast_head":"<!-- This site is optimized with the Yoast SEO plugin v24.6 - https:\/\/yoast.com\/wordpress\/plugins\/seo\/ -->\n<title>Gift voucher ristorante | La Fiorida<\/title>\n<meta name=\"description\" content=\"Regala una cena al ristorante La Pres\u00e9f (1 Stella Michelin) o al ristorante del nostro agriturismo: esperienze gastronomiche uniche!\" \/>\n<meta name=\"robots\" content=\"index, follow, max-snippet:-1, max-image-preview:large, max-video-preview:-1\" \/>\n<link rel=\"canonical\" href=\"https:\/\/www.lafiorida.com\/it\/gift-voucher-ristorante\/\" \/>\n<meta property=\"og:locale\" content=\"it_IT\" \/>\n<meta property=\"og:type\" content=\"article\" \/>\n<meta property=\"og:title\" content=\"Gift voucher ristorante | La Fiorida\" \/>\n<meta property=\"og:description\" content=\"Regala una cena al ristorante La Pres\u00e9f (1 Stella Michelin) o al ristorante del nostro agriturismo: esperienze gastronomiche uniche!\" \/>\n<meta property=\"og:url\" content=\"https:\/\/www.lafiorida.com\/it\/gift-voucher-ristorante\/\" \/>\n<meta property=\"og:site_name\" content=\"La Fiorida\" \/>\n<meta property=\"article:modified_time\" content=\"2025-09-08T09:55:37+00:00\" \/>\n<meta property=\"og:image\" content=\"https:\/\/www.lafiorida.com\/app\/uploads\/2025\/04\/la-fiorida-presef-Chef-Gianni-Tarabini.jpg\" \/>\n<meta name=\"twitter:card\" content=\"summary_large_image\" \/>\n<meta name=\"twitter:label1\" content=\"Est. reading time\" \/>\n\t<meta name=\"twitter:data1\" content=\"2 minuti\" \/>\n<script type=\"application\/ld+json\" class=\"yoast-schema-graph\">{\"@context\":\"https:\/\/schema.org\",\"@graph\":[{\"@type\":\"WebPage\",\"@id\":\"https:\/\/www.lafiorida.com\/it\/gift-voucher-ristorante\/\",\"url\":\"https:\/\/www.lafiorida.com\/it\/gift-voucher-ristorante\/\",\"name\":\"Gift voucher ristorante | La Fiorida\",\"isPartOf\":{\"@id\":\"https:\/\/www.lafiorida.com\/it\/#website\"},\"primaryImageOfPage\":{\"@id\":\"https:\/\/www.lafiorida.com\/it\/gift-voucher-ristorante\/#primaryimage\"},\"image\":{\"@id\":\"https:\/\/www.lafiorida.com\/it\/gift-voucher-ristorante\/#primaryimage\"},\"thumbnailUrl\":\"https:\/\/www.lafiorida.com\/app\/uploads\/2025\/04\/la-fiorida-presef-Chef-Gianni-Tarabini.jpg\",\"datePublished\":\"2025-07-08T13:46:17+00:00\",\"dateModified\":\"2025-09-08T09:55:37+00:00\",\"description\":\"Regala una cena al ristorante La Pres\u00e9f (1 Stella Michelin) o al ristorante del nostro agriturismo: esperienze gastronomiche uniche!\",\"breadcrumb\":{\"@id\":\"https:\/\/www.lafiorida.com\/it\/gift-voucher-ristorante\/#breadcrumb\"},\"inLanguage\":\"it-IT\",\"potentialAction\":[{\"@type\":\"ReadAction\",\"target\":[\"https:\/\/www.lafiorida.com\/it\/gift-voucher-ristorante\/\"]}]},{\"@type\":\"ImageObject\",\"inLanguage\":\"it-IT\",\"@id\":\"https:\/\/www.lafiorida.com\/it\/gift-voucher-ristorante\/#primaryimage\",\"url\":\"https:\/\/www.lafiorida.com\/app\/uploads\/2025\/04\/la-fiorida-presef-Chef-Gianni-Tarabini.jpg\",\"contentUrl\":\"https:\/\/www.lafiorida.com\/app\/uploads\/2025\/04\/la-fiorida-presef-Chef-Gianni-Tarabini.jpg\"},{\"@type\":\"BreadcrumbList\",\"@id\":\"https:\/\/www.lafiorida.com\/it\/gift-voucher-ristorante\/#breadcrumb\",\"itemListElement\":[{\"@type\":\"ListItem\",\"position\":1,\"name\":\"Home\",\"item\":\"https:\/\/www.lafiorida.com\/it\/\"},{\"@type\":\"ListItem\",\"position\":2,\"name\":\"Gift voucher ristorante\"}]},{\"@type\":\"WebSite\",\"@id\":\"https:\/\/www.lafiorida.com\/it\/#website\",\"url\":\"https:\/\/www.lafiorida.com\/it\/\",\"name\":\"La Fiorida\",\"description\":\"\",\"potentialAction\":[{\"@type\":\"SearchAction\",\"target\":{\"@type\":\"EntryPoint\",\"urlTemplate\":\"https:\/\/www.lafiorida.com\/it\/?s={search_term_string}\"},\"query-input\":{\"@type\":\"PropertyValueSpecification\",\"valueRequired\":true,\"valueName\":\"search_term_string\"}}],\"inLanguage\":\"it-IT\"}]}<\/script>\n<!-- \/ Yoast SEO plugin. -->","yoast_head_json":{"title":"Gift voucher ristorante | La Fiorida","description":"Regala una cena al ristorante La Pres\u00e9f (1 Stella Michelin) o al ristorante del nostro agriturismo: esperienze gastronomiche uniche!","robots":{"index":"index","follow":"follow","max-snippet":"max-snippet:-1","max-image-preview":"max-image-preview:large","max-video-preview":"max-video-preview:-1"},"canonical":"https:\/\/www.lafiorida.com\/it\/gift-voucher-ristorante\/","og_locale":"it_IT","og_type":"article","og_title":"Gift voucher ristorante | La Fiorida","og_description":"Regala una cena al ristorante La Pres\u00e9f (1 Stella Michelin) o al ristorante del nostro agriturismo: esperienze gastronomiche uniche!","og_url":"https:\/\/www.lafiorida.com\/it\/gift-voucher-ristorante\/","og_site_name":"La Fiorida","article_modified_time":"2025-09-08T09:55:37+00:00","og_image":[{"url":"https:\/\/www.lafiorida.com\/app\/uploads\/2025\/04\/la-fiorida-presef-Chef-Gianni-Tarabini.jpg","type":"","width":"","height":""}],"twitter_card":"summary_large_image","twitter_misc":{"Est. reading time":"2 minuti"},"schema":{"@context":"https:\/\/schema.org","@graph":[{"@type":"WebPage","@id":"https:\/\/www.lafiorida.com\/it\/gift-voucher-ristorante\/","url":"https:\/\/www.lafiorida.com\/it\/gift-voucher-ristorante\/","name":"Gift voucher ristorante | La Fiorida","isPartOf":{"@id":"https:\/\/www.lafiorida.com\/it\/#website"},"primaryImageOfPage":{"@id":"https:\/\/www.lafiorida.com\/it\/gift-voucher-ristorante\/#primaryimage"},"image":{"@id":"https:\/\/www.lafiorida.com\/it\/gift-voucher-ristorante\/#primaryimage"},"thumbnailUrl":"https:\/\/www.lafiorida.com\/app\/uploads\/2025\/04\/la-fiorida-presef-Chef-Gianni-Tarabini.jpg","datePublished":"2025-07-08T13:46:17+00:00","dateModified":"2025-09-08T09:55:37+00:00","description":"Regala una cena al ristorante La Pres\u00e9f (1 Stella Michelin) o al ristorante del nostro agriturismo: esperienze gastronomiche uniche!","breadcrumb":{"@id":"https:\/\/www.lafiorida.com\/it\/gift-voucher-ristorante\/#breadcrumb"},"inLanguage":"it-IT","potentialAction":[{"@type":"ReadAction","target":["https:\/\/www.lafiorida.com\/it\/gift-voucher-ristorante\/"]}]},{"@type":"ImageObject","inLanguage":"it-IT","@id":"https:\/\/www.lafiorida.com\/it\/gift-voucher-ristorante\/#primaryimage","url":"https:\/\/www.lafiorida.com\/app\/uploads\/2025\/04\/la-fiorida-presef-Chef-Gianni-Tarabini.jpg","contentUrl":"https:\/\/www.lafiorida.com\/app\/uploads\/2025\/04\/la-fiorida-presef-Chef-Gianni-Tarabini.jpg"},{"@type":"BreadcrumbList","@id":"https:\/\/www.lafiorida.com\/it\/gift-voucher-ristorante\/#breadcrumb","itemListElement":[{"@type":"ListItem","position":1,"name":"Home","item":"https:\/\/www.lafiorida.com\/it\/"},{"@type":"ListItem","position":2,"name":"Gift voucher ristorante"}]},{"@type":"WebSite","@id":"https:\/\/www.lafiorida.com\/it\/#website","url":"https:\/\/www.lafiorida.com\/it\/","name":"La Fiorida","description":"","potentialAction":[{"@type":"SearchAction","target":{"@type":"EntryPoint","urlTemplate":"https:\/\/www.lafiorida.com\/it\/?s={search_term_string}"},"query-input":{"@type":"PropertyValueSpecification","valueRequired":true,"valueName":"search_term_string"}}],"inLanguage":"it-IT"}]}},"_links":{"self":[{"href":"https:\/\/www.lafiorida.com\/it\/wp-json\/wp\/v2\/pages\/1170","targetHints":{"allow":["GET"]}}],"collection":[{"href":"https:\/\/www.lafiorida.com\/it\/wp-json\/wp\/v2\/pages"}],"about":[{"href":"https:\/\/www.lafiorida.com\/it\/wp-json\/wp\/v2\/types\/page"}],"author":[{"embeddable":true,"href":"https:\/\/www.lafiorida.com\/it\/wp-json\/wp\/v2\/users\/1"}],"replies":[{"embeddable":true,"href":"https:\/\/www.lafiorida.com\/it\/wp-json\/wp\/v2\/comments?post=1170"}],"version-history":[{"count":3,"href":"https:\/\/www.lafiorida.com\/it\/wp-json\/wp\/v2\/pages\/1170\/revisions"}],"predecessor-version":[{"id":1809,"href":"https:\/\/www.lafiorida.com\/it\/wp-json\/wp\/v2\/pages\/1170\/revisions\/1809"}],"wp:attachment":[{"href":"https:\/\/www.lafiorida.com\/it\/wp-json\/wp\/v2\/media?parent=1170"}],"curies":[{"name":"wp","href":"https:\/\/api.w.org\/{rel}","templated":true}]}}