{"id":1178,"date":"2025-07-08T13:51:43","date_gmt":"2025-07-08T13:51:43","guid":{"rendered":"https:\/\/www.lafiorida.com\/?page_id=1178"},"modified":"2025-09-08T09:58:22","modified_gmt":"2025-09-08T09:58:22","slug":"gift-voucher-soggiorni","status":"publish","type":"page","link":"https:\/\/www.lafiorida.com\/it\/gift-voucher-soggiorni\/","title":{"rendered":"Gift voucher soggiorni"},"content":{"rendered":"\t\t<div data-elementor-type=\"wp-page\" data-elementor-id=\"1178\" class=\"elementor elementor-1178\" data-elementor-post-type=\"page\">\n\t\t\t\t<div class=\"elementor-element elementor-element-9ec3dfd e-con-full e-flex e-con e-parent\" data-id=\"9ec3dfd\" data-element_type=\"container\">\n\t\t\t\t<div class=\"elementor-element elementor-element-b4d60ca elementor-widget elementor-widget-hero-broken\" data-id=\"b4d60ca\" data-element_type=\"widget\" data-widget_type=\"hero-broken.default\">\n\t\t\t\t<div class=\"elementor-widget-container\">\n\t\t\t\t\t<section class=\"hero-broken\">\n  <div class=\"w-full min-h-[450px] md:h-[50vh] flex flex-col justify-center pt-70\n   bg-sand1     \">\n    <div class=\"w-full md:w-2\/3 lg:w-3\/5 3xl:w-1\/2 flex flex-row flex-wrap p-0 items-start gap-y-20 px-30 py-50 md:py-80\">\n      <div class=\"w-full flex flex-col lg:items-start lg:text-left\n                  lg:pl-[5%] xl:pl-[10%] 3xl:pl-[20%] lg:pr-[10%] xl:pr-[15%] 3xl:pr-[10%]\">\n                  <div class=\"text-green1 headline-medium font-title z-3 relative mb-20\">\n            <h1 class=\"\">Gift voucher Soggiorno<\/h1>\n          <\/div>\n                          <div class=\"text-black font-text mb-5 text-medium font-300 z-3 relative\n          [&_ul]:lg:pl-20 [&_li]:list-disc [&_li]:list-inside [&_li]:lg:list-outside\n           mb-[215px] xxs:mb-[100px] md:mb-0 \">\n            <p>Regala un\u2019esperienza unica presso La Fiorida, un luogo dove la natura, il benessere e la gastronomia si uniscono per offrire giornate indimenticabili.<\/p><p>Con i nostri voucher potrai scegliere tra diverse opzioni di soggiorno e pacchetti, personalizzabili in base alle tue esigenze. Contattaci per creare un\u2019esperienza su misura per i tuoi desideri.<\/p>\n          <\/div>\n                      <\/div>\n    <\/div>\n  <\/div>\n  <div class=\"relative after:content-[''] after:absolute\n  after:bg-black after:opacity-15 after:inset-0 after:z-2 after:w-full after:h-full\n  after:!opacity-20 min-h-[500px] h-[60vh]\">\n          <img decoding=\"async\" class=\"absolute w-[80%] xxs:w-[250px] lg:w-[350px] -translate-y-[75%] xxs:-translate-y-[50%] z-6\n                  right-[10%] xxs:right-[7%] lg:right-[12%] xl:right-[15%] aspect-[1\/1] object-cover\n                   !rounded-[100%] aspect-[1\/1] object-cover                   \"\n           src=\"https:\/\/www.lafiorida.com\/app\/uploads\/2025\/04\/la-fiorida-percorso.jpg\">\n              <img decoding=\"async\" class=\"relative !w-full min-h-[500px] !h-[60vh] object-cover object-center\" src=\"https:\/\/www.lafiorida.com\/app\/uploads\/2025\/04\/la-fiorida-avventura.jpg\">\n      <\/div>\n<\/section>\n\t\t\t\t<\/div>\n\t\t\t\t<\/div>\n\t\t\t\t<div class=\"elementor-element elementor-element-9cfa70d elementor-widget elementor-widget-simple-text\" data-id=\"9cfa70d\" data-element_type=\"widget\" data-widget_type=\"simple-text.default\">\n\t\t\t\t<div class=\"elementor-widget-container\">\n\t\t\t\t\t<section class=\"simple-text\">\n  <div class=\"w-full min-h-[370px] flex flex-col justify-center \">\n    <div class=\"w-full flex flex-row flex-wrap p-0 items-start gap-y-20 px-30  py-50 md:py-80 \">\n      <div class=\"w-full flex flex-col lg:items-start lg:text-left\n                  lg:pl-[4%] xl:pl-[6%] 3xl:pl-[10%] lg:pr-[4%] xl:pr-[6%] 3xl:pr-[10%]\">\n                  <div class=\"text-green1 headline-medium font-title z-3 relative mb-20 \">\n            <h2><strong>Soggiorni in agriturismo personalizzabili<\/strong><\/h2>\n          <\/div>\n                          <div class=\"text-black font-text mb-5 text-medium font-300 z-3 relative\n          [&_ul]:lg:pl-20 [&_li]:list-disc [&_li]:list-inside [&_li]:lg:list-outside  \">\n            <div class=\"wpb_row vc_row vc_row-fluid mk-fullwidth-false attched-false vc_row-fluid\"><div class=\"vc_col-sm-12 wpb_column column_container \"><div class=\"mk-text-block \"><h3 class=\"headline-small font-title text-green1\">Scegli le opzioni di Soggiorno<\/h3><p>Puoi scegliere il soggiorno perfetto in base alle tue preferenze, indicando la camera, il numero di persone e il periodo desiderato.<\/p><p>Le opzioni includono:<\/p><p>\u00a0<\/p><ul><li><strong>Camera matrimoniale Minimal<\/strong>: una camera accogliente e senza barriere, ideale per una fuga tranquilla e rilassante;<\/li><li><strong>Camera matrimoniale Living<\/strong>: in legno di larice, con un\u2019atmosfera calda e intima, perfetta per una coppia in cerca di momenti romantici;<\/li><li><strong>Junior Suite<\/strong>: pi\u00f9 spazio e pi\u00f9 comfort, ideale per famiglie o per chi cerca un ambiente pi\u00f9 ampio e separato;<\/li><li><strong>Country Chalet<\/strong>: un mini-appartamento spazioso con soppalco, perfetto per chi desidera un rifugio privato immerso nel verde.<\/li><\/ul><\/div><\/div><\/div><div class=\"wpb_row vc_row vc_row-fluid mk-fullwidth-false attched-false vc_row-fluid\"><div class=\"vc_col-sm-12 wpb_column column_container \"><div class=\"mk-text-block \"><h3>\u00a0<\/h3><h3 class=\"headline-small font-title text-green1\"><strong>Scegli le opzioni di Benessere<\/strong><\/h3><p>Ogni voucher pu\u00f2 essere arricchito con uno dei nostri esclusivi pacchetti benessere, che includono accesso alle strutture e trattamenti dedicati:<\/p><p>\u00a0<\/p><ul><li><strong>pacchetto Relax e Benessere per Due<\/strong>: un\u2019esperienza rigenerante con percorso benessere, trattamenti e degustazioni di prodotti locali;<\/li><li><strong>Percorso dei Sensi<\/strong>: sauna, bagno turco e rituali wellness guidati da un Maestro del Benessere, per un\u2019esperienza sensoriale completa;<\/li><li><strong>Bagno al Vino Rosso di Valtellina DOC<\/strong>: trattamento esclusivo in un\u2019atmosfera di puro relax.<\/li><\/ul><\/div><\/div><\/div><div class=\"wpb_row vc_row vc_row-fluid mk-fullwidth-false attched-false vc_row-fluid\"><h3>\u00a0<\/h3><h3 class=\"headline-small font-title text-green1\"><strong>Scegli le opzioni per la Cena<\/strong><\/h3><p>Ogni soggiorno pu\u00f2 essere arricchito con una cena nei nostri ristoranti:<\/p><p>\u00a0<\/p><ul><li><strong>cena al Ristorante Quattro Stagioni<\/strong>: men\u00f9 tradizionale con piatti tipici valtellinesi, disponibile anche a pranzo;<\/li><li><strong>cena al Ristorante La Pr\u00e9sef (1 Stella Michelin)<\/strong>: men\u00f9 degustazione esclusivo, ideale per chi desidera un\u2019esperienza gastronomica gourmet.<\/li><\/ul><\/div><h3>\u00a0<\/h3><h3 class=\"headline-small font-title text-green1\"><strong>Servizi inclusi nel voucher Soggiorno<\/strong><\/h3><ul><li><strong>Prima colazione a buffet<\/strong> con prodotti freschi della nostra fattoria<\/li><li><strong>Accesso alle strutture benessere<\/strong>: piscina riscaldata, solarium, sauna e palestra<\/li><li><strong>Wi-fi <\/strong>gratuito e <strong>parcheggio<\/strong> esterno<\/li><li><strong>Accappatoio, ciabattine e prodotti di cortesia<\/strong> con latte delle nostre mucche<\/li><li><strong>Visita alla nostra fattoria<\/strong> per scoprire il benessere animale e la nostra responsabilit\u00e0 ambientale.<\/li><\/ul><div class=\"wpb_row vc_row vc_row-fluid mk-fullwidth-false attched-false vc_row-fluid\"><div class=\"vc_col-sm-12 wpb_column column_container \">\u00a0<\/div><\/div>\n          <\/div>\n        \n        \n      <\/div>\n    <\/div>\n  <\/div>\n<\/section>\n\t\t\t\t<\/div>\n\t\t\t\t<\/div>\n\t\t\t\t<div class=\"elementor-element elementor-element-9f438a2 elementor-widget elementor-widget-triple-image-card\" data-id=\"9f438a2\" data-element_type=\"widget\" data-widget_type=\"triple-image-card.default\">\n\t\t\t\t<div class=\"elementor-widget-container\">\n\t\t\t\t\t<section  class=\"triple-image-card flex flex-col-reverse\n   lg:flex-row-reverse          my-20 lg:my-90   lg:items-stretch\"> <!-- forza le colonne a stessa altezza -->\n\n  <!-- Colonna immagini -->\n  <div class=\"w-full lg:w-[57%] flex flex-col\">\n    <!-- Prima immagine pi\u00f9 grande, con altezza minima -->\n    <div class=\"w-full aspect-[2\/1] lg:aspect-auto flex-[2] bg-cover bg-center mb-[15px] lg:mb-[30px] lg:min-h-[500px]\"\n         style=\"background-image: url('https:\/\/www.lafiorida.com\/app\/uploads\/2025\/06\/fiorida-agriturismo-camera-family-suite-7.jpg');\"><\/div>\n\n    <!-- Wrapper che cresce in altezza -->\n    <div class=\"flex gap-[15px] lg:gap-[30px] flex-1\">\n      <!-- Immagine stretta -->\n      <div class=\"w-2\/5 aspect-[2\/1] lg:aspect-auto bg-cover bg-center lg:min-h-[290px]\"\n           style=\"background-image: url('https:\/\/www.lafiorida.com\/app\/uploads\/2025\/06\/fiorida-agriturismo-camera-country-chalet-8.jpg');\"><\/div>\n      <!-- Immagine larga -->\n      <div class=\"w-3\/5 aspect-[2\/1] lg:aspect-auto bg-cover bg-center lg:min-h-[290px]\"\n           style=\"background-image: url('https:\/\/www.lafiorida.com\/app\/uploads\/2025\/04\/la-fiorida-esterni.jpg');\"><\/div>\n    <\/div>\n  <\/div>\n\n\n\n  <!-- Colonna testo -->\n  <div class=\"w-full lg:w-[43%] flex flex-col justify-center py-30\n        px-30 lg:p-50 xl:p-70 3xl:p-[120px]\n     3xl:pl-[150px] \">\n\n          <div class=\"\n                         text-green1        headline-medium font-title z-3 relative mb-20 md:mb-40 xl:pr-50\">\n        <h3><strong>Come acquistare il tuo Gift voucher Soggiorno<\/strong><\/h3>\n      <\/div>\n    \n          <div class=\"text-black font-text mb-5 text-medium font-300 z-3 relative\n        [&_ul]:lg:pl-20 [&_li]:list-disc [&_li]:list-inside [&_li]:lg:list-outside\">\n        <div class=\"wpb_row vc_row vc_row-fluid mk-fullwidth-false attched-false vc_row-fluid\"><div class=\"vc_col-sm-12 wpb_column column_container \"><div class=\"mk-text-block \"><ul><li><strong>Personalizza il tuo soggiorno<\/strong> scegliendo la camera, il pacchetto e il periodo preferito<\/li><li><strong>Contattaci<\/strong> via email o telefono per confermare i dettagli del voucher e per eventuali richieste speciali<\/li><li><strong>Ricevi il tuo Gift voucher<\/strong> via email, pronto per essere regalato!<\/li><\/ul><\/div><\/div><\/div><h3>\u00a0<\/h3><div class=\"wpb_row vc_row vc_row-fluid mk-fullwidth-false attched-false vc_row-fluid\"><div class=\"vc_col-sm-12 wpb_column column_container \"><div class=\"clearboth\"><h3>\u00a0<\/h3><h3><strong>Quando usare il voucher<\/strong><\/h3><p>\u00a0<\/p><p>Puoi scegliere di utilizzare il Gift voucher Soggiorno in uno dei seguenti periodi, in base alle tue preferenze:<\/p><p>\u00a0<\/p><ul><li><strong>infrasettimanale<\/strong>: soggiorni dal luned\u00ec al venerd\u00ec, per approfittare della tranquillit\u00e0 della settimana;<\/li><li><strong>Sabato, prefestivi e festivit\u00e0<\/strong>: vivi la magia delle giornate di sabato o durante le festivit\u00e0, per un\u2019esperienza speciale;<\/li><li><strong>Speciale Domenica<\/strong>: una fuga perfetta per un fine settimana rilassante.<\/li><\/ul><p>\u00a0<\/p><\/div><\/div><\/div><div class=\"wpb_row vc_row vc_row-fluid mk-fullwidth-false attched-false vc_row-fluid\"><div class=\"vc_col-sm-12 wpb_column column_container \"><section class=\"vc_cta3-container\"><div class=\"vc_general vc_cta3 vc_cta3-style-classic vc_cta3-shape-rounded vc_cta3-align-left vc_cta3-color-classic vc_cta3-icon-size-md\"><div class=\"vc_cta3_content-container\"><div class=\"vc_cta3-content\"><p>Scrivici: ti risponderemo entro massimo 24 ore!<\/p><\/div><\/div><\/div><\/section><\/div><\/div><p><strong>Regala il piacere di un soggiorno nella natura delle Alpi valtellinesi!<\/strong><\/p>\n      <\/div>\n    \n    \n    \n    \n          <div class=\"mt-10 md:mt-20 lg:mt-40\">\n        <a href=\"mailto:info@lafiorida.com\"\n                      >\n          <div class=\"\n                                         text-green1 hover:text-green3            transition duration-300 mt-20 font-text text-fluid-20\/32 font-500\n          cursor-pointer flex flex-row items-center\">\n            <svg class=\"min-w-60 w-60 lg:min-w-70 lg:w-70 mr-15\" xmlns=\"http:\/\/www.w3.org\/2000\/svg\" viewBox=\"0 0 150 150\">\n              <g id=\"Raggruppa_213\" data-name=\"Raggruppa 213\">\n                <path fill=\"currentColor\" d=\"M127.35,75h0c0,2.1-1.7,3.81-3.81,3.81H26.46c-2.1,0-3.81-1.7-3.81-3.81h0c0-2.1,1.7-3.81,3.81-3.81h97.08c2.1,0,3.81,1.7,3.81,3.81Z\"\/>\n                <path fill=\"currentColor\" d=\"M125.18,74.1h0c1.2,1.2,1.2,3.14,0,4.34l-52.58,52.58c-1.2,1.2-3.14,1.2-4.34,0h0c-1.2-1.2-1.2-3.14,0-4.34l52.58-52.58c1.2-1.2,3.14-1.2,4.34,0Z\"\/>\n                <path fill=\"currentColor\" d=\"M125.18,75.9h0c-1.2,1.2-3.14,1.2-4.34,0l-52.58-52.58c-1.2-1.2-1.2-3.14,0-4.34h0c1.2-1.2,3.14-1.2,4.34,0l52.58,52.58c1.2,1.2,1.2,3.14,0,4.34Z\"\/>\n              <\/g>\n            <\/svg>\n            <div class=\"mb-10 max-w-[250px] lg:max-w-[365px]\">Richiedi voucher<\/div>\n          <\/div>\n        <\/a>\n      <\/div>\n    \n    \n    \n  <\/div>\n<\/section>\n\t\t\t\t<\/div>\n\t\t\t\t<\/div>\n\t\t\t\t<\/div>\n\t\t\t\t<\/div>\n\t\t","protected":false},"excerpt":{"rendered":"<p>Gift voucher Soggiorno Regala un\u2019esperienza unica presso La Fiorida, un luogo dove la natura, il benessere e la gastronomia si uniscono per offrire giornate indimenticabili. Con i nostri voucher potrai scegliere tra diverse opzioni di soggiorno e pacchetti, personalizzabili in base alle tue esigenze. Contattaci per creare un\u2019esperienza su misura per i tuoi desideri. Soggiorni &hellip; <a href=\"https:\/\/www.lafiorida.com\/it\/gift-voucher-soggiorni\/\">Continued<\/a><\/p>\n","protected":false},"author":1,"featured_media":0,"parent":0,"menu_order":0,"comment_status":"closed","ping_status":"closed","template":"","meta":{"_acf_changed":false,"footnotes":""},"class_list":["post-1178","page","type-page","status-publish","hentry"],"acf":[],"yoast_head":"<!-- This site is optimized with the Yoast SEO plugin v24.6 - https:\/\/yoast.com\/wordpress\/plugins\/seo\/ -->\n<title>Gift voucher soggiorni | La Fiorida<\/title>\n<meta name=\"description\" content=\"Regala un&#039;esperienza rilassante e rigenerante: un soggiorno in agriturismo in Valtellina completo di esperienze e di ogni comfort.\" \/>\n<meta name=\"robots\" content=\"index, follow, max-snippet:-1, max-image-preview:large, max-video-preview:-1\" \/>\n<link rel=\"canonical\" href=\"https:\/\/www.lafiorida.com\/it\/gift-voucher-soggiorni\/\" \/>\n<meta property=\"og:locale\" content=\"it_IT\" \/>\n<meta property=\"og:type\" content=\"article\" \/>\n<meta property=\"og:title\" content=\"Gift voucher soggiorni | La Fiorida\" \/>\n<meta property=\"og:description\" content=\"Regala un&#039;esperienza rilassante e rigenerante: un soggiorno in agriturismo in Valtellina completo di esperienze e di ogni comfort.\" \/>\n<meta property=\"og:url\" content=\"https:\/\/www.lafiorida.com\/it\/gift-voucher-soggiorni\/\" \/>\n<meta property=\"og:site_name\" content=\"La Fiorida\" \/>\n<meta property=\"article:modified_time\" content=\"2025-09-08T09:58:22+00:00\" \/>\n<meta property=\"og:image\" content=\"https:\/\/www.lafiorida.com\/app\/uploads\/2025\/04\/la-fiorida-percorso.jpg\" \/>\n<meta name=\"twitter:card\" content=\"summary_large_image\" \/>\n<meta name=\"twitter:label1\" content=\"Est. reading time\" \/>\n\t<meta name=\"twitter:data1\" content=\"3 minuti\" \/>\n<script type=\"application\/ld+json\" class=\"yoast-schema-graph\">{\"@context\":\"https:\/\/schema.org\",\"@graph\":[{\"@type\":\"WebPage\",\"@id\":\"https:\/\/www.lafiorida.com\/it\/gift-voucher-soggiorni\/\",\"url\":\"https:\/\/www.lafiorida.com\/it\/gift-voucher-soggiorni\/\",\"name\":\"Gift voucher soggiorni | La Fiorida\",\"isPartOf\":{\"@id\":\"https:\/\/www.lafiorida.com\/it\/#website\"},\"primaryImageOfPage\":{\"@id\":\"https:\/\/www.lafiorida.com\/it\/gift-voucher-soggiorni\/#primaryimage\"},\"image\":{\"@id\":\"https:\/\/www.lafiorida.com\/it\/gift-voucher-soggiorni\/#primaryimage\"},\"thumbnailUrl\":\"https:\/\/www.lafiorida.com\/app\/uploads\/2025\/04\/la-fiorida-percorso.jpg\",\"datePublished\":\"2025-07-08T13:51:43+00:00\",\"dateModified\":\"2025-09-08T09:58:22+00:00\",\"description\":\"Regala un'esperienza rilassante e rigenerante: un soggiorno in agriturismo in Valtellina completo di esperienze e di ogni comfort.\",\"breadcrumb\":{\"@id\":\"https:\/\/www.lafiorida.com\/it\/gift-voucher-soggiorni\/#breadcrumb\"},\"inLanguage\":\"it-IT\",\"potentialAction\":[{\"@type\":\"ReadAction\",\"target\":[\"https:\/\/www.lafiorida.com\/it\/gift-voucher-soggiorni\/\"]}]},{\"@type\":\"ImageObject\",\"inLanguage\":\"it-IT\",\"@id\":\"https:\/\/www.lafiorida.com\/it\/gift-voucher-soggiorni\/#primaryimage\",\"url\":\"https:\/\/www.lafiorida.com\/app\/uploads\/2025\/04\/la-fiorida-percorso.jpg\",\"contentUrl\":\"https:\/\/www.lafiorida.com\/app\/uploads\/2025\/04\/la-fiorida-percorso.jpg\"},{\"@type\":\"BreadcrumbList\",\"@id\":\"https:\/\/www.lafiorida.com\/it\/gift-voucher-soggiorni\/#breadcrumb\",\"itemListElement\":[{\"@type\":\"ListItem\",\"position\":1,\"name\":\"Home\",\"item\":\"https:\/\/www.lafiorida.com\/it\/\"},{\"@type\":\"ListItem\",\"position\":2,\"name\":\"Gift voucher soggiorni\"}]},{\"@type\":\"WebSite\",\"@id\":\"https:\/\/www.lafiorida.com\/it\/#website\",\"url\":\"https:\/\/www.lafiorida.com\/it\/\",\"name\":\"La Fiorida\",\"description\":\"\",\"potentialAction\":[{\"@type\":\"SearchAction\",\"target\":{\"@type\":\"EntryPoint\",\"urlTemplate\":\"https:\/\/www.lafiorida.com\/it\/?s={search_term_string}\"},\"query-input\":{\"@type\":\"PropertyValueSpecification\",\"valueRequired\":true,\"valueName\":\"search_term_string\"}}],\"inLanguage\":\"it-IT\"}]}<\/script>\n<!-- \/ Yoast SEO plugin. -->","yoast_head_json":{"title":"Gift voucher soggiorni | La Fiorida","description":"Regala un'esperienza rilassante e rigenerante: un soggiorno in agriturismo in Valtellina completo di esperienze e di ogni comfort.","robots":{"index":"index","follow":"follow","max-snippet":"max-snippet:-1","max-image-preview":"max-image-preview:large","max-video-preview":"max-video-preview:-1"},"canonical":"https:\/\/www.lafiorida.com\/it\/gift-voucher-soggiorni\/","og_locale":"it_IT","og_type":"article","og_title":"Gift voucher soggiorni | La Fiorida","og_description":"Regala un'esperienza rilassante e rigenerante: un soggiorno in agriturismo in Valtellina completo di esperienze e di ogni comfort.","og_url":"https:\/\/www.lafiorida.com\/it\/gift-voucher-soggiorni\/","og_site_name":"La Fiorida","article_modified_time":"2025-09-08T09:58:22+00:00","og_image":[{"url":"https:\/\/www.lafiorida.com\/app\/uploads\/2025\/04\/la-fiorida-percorso.jpg","type":"","width":"","height":""}],"twitter_card":"summary_large_image","twitter_misc":{"Est. reading time":"3 minuti"},"schema":{"@context":"https:\/\/schema.org","@graph":[{"@type":"WebPage","@id":"https:\/\/www.lafiorida.com\/it\/gift-voucher-soggiorni\/","url":"https:\/\/www.lafiorida.com\/it\/gift-voucher-soggiorni\/","name":"Gift voucher soggiorni | La Fiorida","isPartOf":{"@id":"https:\/\/www.lafiorida.com\/it\/#website"},"primaryImageOfPage":{"@id":"https:\/\/www.lafiorida.com\/it\/gift-voucher-soggiorni\/#primaryimage"},"image":{"@id":"https:\/\/www.lafiorida.com\/it\/gift-voucher-soggiorni\/#primaryimage"},"thumbnailUrl":"https:\/\/www.lafiorida.com\/app\/uploads\/2025\/04\/la-fiorida-percorso.jpg","datePublished":"2025-07-08T13:51:43+00:00","dateModified":"2025-09-08T09:58:22+00:00","description":"Regala un'esperienza rilassante e rigenerante: un soggiorno in agriturismo in Valtellina completo di esperienze e di ogni comfort.","breadcrumb":{"@id":"https:\/\/www.lafiorida.com\/it\/gift-voucher-soggiorni\/#breadcrumb"},"inLanguage":"it-IT","potentialAction":[{"@type":"ReadAction","target":["https:\/\/www.lafiorida.com\/it\/gift-voucher-soggiorni\/"]}]},{"@type":"ImageObject","inLanguage":"it-IT","@id":"https:\/\/www.lafiorida.com\/it\/gift-voucher-soggiorni\/#primaryimage","url":"https:\/\/www.lafiorida.com\/app\/uploads\/2025\/04\/la-fiorida-percorso.jpg","contentUrl":"https:\/\/www.lafiorida.com\/app\/uploads\/2025\/04\/la-fiorida-percorso.jpg"},{"@type":"BreadcrumbList","@id":"https:\/\/www.lafiorida.com\/it\/gift-voucher-soggiorni\/#breadcrumb","itemListElement":[{"@type":"ListItem","position":1,"name":"Home","item":"https:\/\/www.lafiorida.com\/it\/"},{"@type":"ListItem","position":2,"name":"Gift voucher soggiorni"}]},{"@type":"WebSite","@id":"https:\/\/www.lafiorida.com\/it\/#website","url":"https:\/\/www.lafiorida.com\/it\/","name":"La Fiorida","description":"","potentialAction":[{"@type":"SearchAction","target":{"@type":"EntryPoint","urlTemplate":"https:\/\/www.lafiorida.com\/it\/?s={search_term_string}"},"query-input":{"@type":"PropertyValueSpecification","valueRequired":true,"valueName":"search_term_string"}}],"inLanguage":"it-IT"}]}},"_links":{"self":[{"href":"https:\/\/www.lafiorida.com\/it\/wp-json\/wp\/v2\/pages\/1178","targetHints":{"allow":["GET"]}}],"collection":[{"href":"https:\/\/www.lafiorida.com\/it\/wp-json\/wp\/v2\/pages"}],"about":[{"href":"https:\/\/www.lafiorida.com\/it\/wp-json\/wp\/v2\/types\/page"}],"author":[{"embeddable":true,"href":"https:\/\/www.lafiorida.com\/it\/wp-json\/wp\/v2\/users\/1"}],"replies":[{"embeddable":true,"href":"https:\/\/www.lafiorida.com\/it\/wp-json\/wp\/v2\/comments?post=1178"}],"version-history":[{"count":3,"href":"https:\/\/www.lafiorida.com\/it\/wp-json\/wp\/v2\/pages\/1178\/revisions"}],"predecessor-version":[{"id":1818,"href":"https:\/\/www.lafiorida.com\/it\/wp-json\/wp\/v2\/pages\/1178\/revisions\/1818"}],"wp:attachment":[{"href":"https:\/\/www.lafiorida.com\/it\/wp-json\/wp\/v2\/media?parent=1178"}],"curies":[{"name":"wp","href":"https:\/\/api.w.org\/{rel}","templated":true}]}}